{"id":600,"date":"2022-10-17T16:24:46","date_gmt":"2022-10-17T16:24:46","guid":{"rendered":"https:\/\/cafe2.dlask.cz\/?page_id=600"},"modified":"2024-11-07T16:33:41","modified_gmt":"2024-11-07T16:33:41","slug":"program-rozvoje-venkova","status":"publish","type":"page","link":"https:\/\/cafe2.dlask.cz\/?page_id=600","title":{"rendered":"Program rozvoje venkova"},"content":{"rendered":"\n<p>N\u00e1zev projektu: <br><strong>Roz\u0161\u00ed\u0159en\u00ed v\u00fdrobn\u00ed kapacity &#8211; po\u0159\u00edzen\u00ed v\u011bt\u0161\u00ed cukr\u00e1\u0159sk\u00e9 pece<\/strong><\/p>\n\n\n\n<p>Hlavn\u00ed c\u00edl operace: 19.2.1 Podpora prov\u00e1d\u011bn\u00ed operac\u00ed v\u00a0r\u00e1mci strategie komunitn\u011b veden\u00e9ho m\u00edstn\u00edho rozvoje \u2013 Podpora projekt\u016f kone\u010dn\u00fdch \u017eadatel\u016f napl\u0148uj\u00edc\u00ed c\u00edle SCLLD MAS \u010cesk\u00fd sever<\/p>\n\n\n\n<p><strong>Roz\u0161\u00ed\u0159en\u00ed kapacity prodeje v\u00fdrobk\u016f, po\u0159\u00edzen\u00ed v\u011bt\u0161\u00ed vitr\u00edny pro prezentaci v\u00fdrobk\u016f.<\/strong><\/p>\n\n\n\n<p>Hlavn\u00ed c\u00edl operace: 19.2.1 Podpora prov\u00e1d\u011bn\u00ed operac\u00ed v&nbsp;r\u00e1mci strategie komunitn\u011b veden\u00e9ho m\u00edstn\u00edho rozvoje \u2013 Podpora projekt\u016f kone\u010dn\u00fdch \u017eadatel\u016f napl\u0148uj\u00edc\u00ed c\u00edle SCLLD MAS \u010cesk\u00fd sever<\/p>\n\n\n\n<figure class=\"wp-block-image size-large is-resized\"><a href=\"https:\/\/cafe2.dlask.cz\/wp-content\/uploads\/logo_EU-scaled.jpg\"><img loading=\"lazy\" decoding=\"async\" width=\"1024\" height=\"270\" src=\"https:\/\/cafe2.dlask.cz\/wp-content\/uploads\/logo_EU-1024x270.jpg\" alt=\"\" class=\"wp-image-601\" srcset=\"https:\/\/cafe2.dlask.cz\/wp-content\/uploads\/logo_EU-1024x270.jpg 1024w, https:\/\/cafe2.dlask.cz\/wp-content\/uploads\/logo_EU-300x79.jpg 300w, https:\/\/cafe2.dlask.cz\/wp-content\/uploads\/logo_EU-768x202.jpg 768w, https:\/\/cafe2.dlask.cz\/wp-content\/uploads\/logo_EU-1536x404.jpg 1536w, https:\/\/cafe2.dlask.cz\/wp-content\/uploads\/logo_EU-2048x539.jpg 2048w\" sizes=\"(max-width: 1024px) 100vw, 1024px\" \/><\/a><figcaption class=\"wp-element-caption\">Logo EU<\/figcaption><\/figure>\n\n\n\n<figure class=\"wp-block-image size-full is-resized\"><a href=\"https:\/\/cafe2.dlask.cz\/wp-content\/uploads\/Logo_leader.jpg\"><img loading=\"lazy\" decoding=\"async\" width=\"486\" height=\"487\" src=\"https:\/\/cafe2.dlask.cz\/wp-content\/uploads\/Logo_leader.jpg\" alt=\"\" class=\"wp-image-602\" srcset=\"https:\/\/cafe2.dlask.cz\/wp-content\/uploads\/Logo_leader.jpg 486w, https:\/\/cafe2.dlask.cz\/wp-content\/uploads\/Logo_leader-300x300.jpg 300w, https:\/\/cafe2.dlask.cz\/wp-content\/uploads\/Logo_leader-150x150.jpg 150w\" sizes=\"(max-width: 486px) 100vw, 486px\" \/><\/a><figcaption class=\"wp-element-caption\">LOGO LEADER<\/figcaption><\/figure>\n\n\n\n<p><\/p>\n\n\n\n<figure class=\"wp-block-image size-large is-resized\"><a href=\"https:\/\/cafe2.dlask.cz\/wp-content\/uploads\/logo_PRV.jpg\"><img loading=\"lazy\" decoding=\"async\" width=\"1024\" height=\"419\" src=\"https:\/\/cafe2.dlask.cz\/wp-content\/uploads\/logo_PRV-1024x419.jpg\" alt=\"\" class=\"wp-image-605\" srcset=\"https:\/\/cafe2.dlask.cz\/wp-content\/uploads\/logo_PRV-1024x419.jpg 1024w, https:\/\/cafe2.dlask.cz\/wp-content\/uploads\/logo_PRV-300x123.jpg 300w, https:\/\/cafe2.dlask.cz\/wp-content\/uploads\/logo_PRV-768x314.jpg 768w, https:\/\/cafe2.dlask.cz\/wp-content\/uploads\/logo_PRV.jpg 1299w\" sizes=\"(max-width: 1024px) 100vw, 1024px\" \/><\/a><\/figure>\n","protected":false},"excerpt":{"rendered":"<p>N\u00e1zev projektu: Roz\u0161\u00ed\u0159en\u00ed v\u00fdrobn\u00ed kapacity &#8211; po\u0159\u00edzen\u00ed v\u011bt\u0161\u00ed cukr\u00e1\u0159sk\u00e9 pece Hlavn\u00ed c\u00edl operace: 19.2.1 Podpora prov\u00e1d\u011bn\u00ed operac\u00ed v\u00a0r\u00e1mci strategie komunitn\u011b veden\u00e9ho m\u00edstn\u00edho rozvoje \u2013 Podpora projekt\u016f kone\u010dn\u00fdch \u017eadatel\u016f napl\u0148uj\u00edc\u00ed c\u00edle SCLLD MAS \u010cesk\u00fd sever Roz\u0161\u00ed\u0159en\u00ed kapacity prodeje v\u00fdrobk\u016f, po\u0159\u00edzen\u00ed v\u011bt\u0161\u00ed &hellip; <a href=\"https:\/\/cafe2.dlask.cz\/?page_id=600\">Continue reading <span class=\"meta-nav\">&rarr;<\/span><\/a><\/p>\n","protected":false},"author":1,"featured_media":0,"parent":0,"menu_order":0,"comment_status":"closed","ping_status":"closed","template":"","meta":{"footnotes":""},"_links":{"self":[{"href":"https:\/\/cafe2.dlask.cz\/index.php?rest_route=\/wp\/v2\/pages\/600"}],"collection":[{"href":"https:\/\/cafe2.dlask.cz\/index.php?rest_route=\/wp\/v2\/pages"}],"about":[{"href":"https:\/\/cafe2.dlask.cz\/index.php?rest_route=\/wp\/v2\/types\/page"}],"author":[{"embeddable":true,"href":"https:\/\/cafe2.dlask.cz\/index.php?rest_route=\/wp\/v2\/users\/1"}],"replies":[{"embeddable":true,"href":"https:\/\/cafe2.dlask.cz\/index.php?rest_route=%2Fwp%2Fv2%2Fcomments&post=600"}],"version-history":[{"count":6,"href":"https:\/\/cafe2.dlask.cz\/index.php?rest_route=\/wp\/v2\/pages\/600\/revisions"}],"predecessor-version":[{"id":788,"href":"https:\/\/cafe2.dlask.cz\/index.php?rest_route=\/wp\/v2\/pages\/600\/revisions\/788"}],"wp:attachment":[{"href":"https:\/\/cafe2.dlask.cz\/index.php?rest_route=%2Fwp%2Fv2%2Fmedia&parent=600"}],"curies":[{"name":"wp","href":"https:\/\/api.w.org\/{rel}","templated":true}]}}