{"id":56,"date":"2010-08-08T16:15:49","date_gmt":"2010-08-08T16:15:49","guid":{"rendered":"http:\/\/cafe2.dlask.cz\/?page_id=56"},"modified":"2022-03-02T11:00:59","modified_gmt":"2022-03-02T11:00:59","slug":"co-nabizime","status":"publish","type":"page","link":"https:\/\/cafe2.dlask.cz\/?page_id=56","title":{"rendered":"Co nab\u00edz\u00edme"},"content":{"rendered":"\n<p>Co v\u00e1m u n\u00e1s nab\u00eddneme? Zakl\u00e1d\u00e1me si p\u0159edev\u0161\u00edm na prvot\u0159\u00eddn\u00edch produktech.<\/p>\n\n\n\n<p><strong>K\u00e1va<\/strong><\/p>\n\n\n\n<p>\u010cerstvou k\u00e1vu pro n\u00e1s pra\u017e\u00ed rodinn\u00e1 APE Pra\u017e\u00edrna a bal\u00edrna v K\u0159i\u017eanech v Podje\u0161t\u011bd\u00ed, jej\u00ed\u017e historie pra\u017een\u00ed za\u010dala ji\u017e v roce 1992. K\u00e1vu jsme m\u011bli mo\u017enost na m\u00edst\u011b ochutnat a pro\u0161li jsme si i jednotliv\u00e9 kroky pra\u017een\u00ed. Nakonec jsme si vytvo\u0159ili sm\u011bs s velmi vysok\u00fdm pod\u00edlem brazilsk\u00e9 arabiky Santos a peru\u00e1nsk\u00e9 arabiky  (90%)  s dotekem indick\u00e9 monzunov\u00e9 robusty (10%). Na\u0161i k\u00e1vu si m\u016f\u017eete koupit i jako zrnkovou v balen\u00ed 100g nebo 250g.<\/p>\n\n\n\n<figure class=\"wp-block-image size-large\"><a href=\"https:\/\/cafe2.dlask.cz\/wp-content\/uploads\/20200618_151554-Velky-1.jpg\"><img loading=\"lazy\" decoding=\"async\" width=\"1024\" height=\"576\" src=\"https:\/\/cafe2.dlask.cz\/wp-content\/uploads\/20200618_151554-Velky-1-1024x576.jpg\" alt=\"\" class=\"wp-image-530\" srcset=\"https:\/\/cafe2.dlask.cz\/wp-content\/uploads\/20200618_151554-Velky-1-1024x576.jpg 1024w, https:\/\/cafe2.dlask.cz\/wp-content\/uploads\/20200618_151554-Velky-1-300x169.jpg 300w, https:\/\/cafe2.dlask.cz\/wp-content\/uploads\/20200618_151554-Velky-1-768x432.jpg 768w, https:\/\/cafe2.dlask.cz\/wp-content\/uploads\/20200618_151554-Velky-1-1536x864.jpg 1536w, https:\/\/cafe2.dlask.cz\/wp-content\/uploads\/20200618_151554-Velky-1.jpg 1920w\" sizes=\"(max-width: 1024px) 100vw, 1024px\" \/><\/a><\/figure>\n\n\n\n<p><strong>Z\u00e1kusky<\/strong><\/p>\n\n\n\n<p>Na\u0161e z\u00e1kusky vyr\u00e1b\u00edme sami a to pouze z nejkvalitn\u011bj\u0161\u00edch surovin. Nepou\u017e\u00edv\u00e1me \u017e\u00e1dn\u00e9 n\u00e1hradn\u00ed rostlinn\u00e9 tuky a podobn\u00e9 &#8220;vyn\u00e1lezy&#8221;. Na\u0161e vyhl\u00e1\u0161en\u00e9 v\u011btrn\u00edky a \u0161pi\u010dky vyr\u00e1b\u00edme podle star\u00fdch receptur, jen s pou\u017eit\u00edm kvalitn\u00edch surovin.<\/p>\n\n\n\n<p>Dom\u00e1c\u00ed v\u00fdroba se prom\u011b\u0148uje podle sez\u00f3nn\u00ed nab\u00eddky a proch\u00e1z\u00ed neust\u00e1l\u00fdm v\u00fdvojem s ohledem na p\u0159\u00e1n\u00ed na\u0161ich z\u00e1kazn\u00edk\u016f.&nbsp;Letos jsme za\u0159adili do na\u0161eho sortimentu i bezlepkov\u00e9 z\u00e1kusky (v\u011bne\u010dek, laskonka, cheesecaky, dort tety Alenky, ale i v\u011btrniky).<\/p>\n\n\n\n<figure class=\"wp-block-image size-large\"><a href=\"https:\/\/cafe2.dlask.cz\/wp-content\/uploads\/20211013_090024-Velky.jpg\"><img loading=\"lazy\" decoding=\"async\" width=\"1024\" height=\"576\" src=\"https:\/\/cafe2.dlask.cz\/wp-content\/uploads\/20211013_090024-Velky-1024x576.jpg\" alt=\"\" class=\"wp-image-519\" srcset=\"https:\/\/cafe2.dlask.cz\/wp-content\/uploads\/20211013_090024-Velky-1024x576.jpg 1024w, https:\/\/cafe2.dlask.cz\/wp-content\/uploads\/20211013_090024-Velky-300x169.jpg 300w, https:\/\/cafe2.dlask.cz\/wp-content\/uploads\/20211013_090024-Velky-768x432.jpg 768w, https:\/\/cafe2.dlask.cz\/wp-content\/uploads\/20211013_090024-Velky-1536x864.jpg 1536w, https:\/\/cafe2.dlask.cz\/wp-content\/uploads\/20211013_090024-Velky.jpg 1920w\" sizes=\"(max-width: 1024px) 100vw, 1024px\" \/><\/a><\/figure>\n\n\n\n<p><strong>Zmrzlina<\/strong><\/p>\n\n\n\n<p>Na\u0161i zmrzlinu si jist\u011b budete pamatovat. Nepou\u017e\u00edv\u00e1me \u017e\u00e1dn\u00e9 instantn\u00ed suroviny, ale vyr\u00e1b\u00edme zmrzlinu z \u010derstv\u00e9ho plnotu\u010dn\u00e9ho ml\u00e9ka a \u010derstv\u00e9ho ovoce. Na\u0161e jahodov\u00e1, bor\u016fvkov\u00e1 p\u0159\u00edpadn\u011b ryb\u00edzov\u00e1 zmrzlina jsou bezkonkuren\u010dn\u00ed. A m\u016f\u017eete si vychutat bu\u010f v poh\u00e1ru, nebo v na\u0161em vlastnoru\u010dn\u011b upe\u010den\u00e9m waflov\u00e9m kornoutu.<\/p>\n\n\n\n<figure class=\"wp-block-image size-large\"><a href=\"https:\/\/cafe2.dlask.cz\/wp-content\/uploads\/20200730_131346-Velky-rotated.jpg\"><img loading=\"lazy\" decoding=\"async\" width=\"576\" height=\"1024\" src=\"https:\/\/cafe2.dlask.cz\/wp-content\/uploads\/20200730_131346-Velky-576x1024.jpg\" alt=\"\" class=\"wp-image-527\" srcset=\"https:\/\/cafe2.dlask.cz\/wp-content\/uploads\/20200730_131346-Velky-576x1024.jpg 576w, https:\/\/cafe2.dlask.cz\/wp-content\/uploads\/20200730_131346-Velky-169x300.jpg 169w, https:\/\/cafe2.dlask.cz\/wp-content\/uploads\/20200730_131346-Velky-768x1365.jpg 768w, https:\/\/cafe2.dlask.cz\/wp-content\/uploads\/20200730_131346-Velky-rotated.jpg 1080w\" sizes=\"(max-width: 576px) 100vw, 576px\" \/><\/a><\/figure>\n\n\n\n<p><strong>\u010caj<\/strong><\/p>\n\n\n\n<figure class=\"wp-block-video\"><video controls src=\"https:\/\/cafe2.dlask.cz\/wp-content\/uploads\/20210904_100029.mp4\"><\/video><\/figure>\n\n\n\n<p>Nab\u00edz\u00edme \u0161irok\u00fd sortiment kvalitn\u00edch sypan\u00fdch \u010daj\u016f od firmy Oxalis pod\u00e1van\u00fdch v konvi\u010dce (mezi ty nejobl\u00edben\u011bj\u0161\u00ed pat\u0159\u00ed&nbsp; citronov\u00e1 tr\u00e1va, jabl\u00ed\u010dko v \u017eupanu, zelen\u00fd \u010daj s jasm\u00ednem, zelen\u00fd \u010daj s ananasem, m\u00e1tov\u00fd \u010daj, rooibos a rakytn\u00edk, ovocn\u00fd \u010daj Babi\u010d\u010dina zahr\u00e1dka a \u010dern\u00e9 \u010daje Assam, Ceylon, Darjeeling a Earl Grey&#8230;)<\/p>\n","protected":false},"excerpt":{"rendered":"<p>Co v\u00e1m u n\u00e1s nab\u00eddneme? Zakl\u00e1d\u00e1me si p\u0159edev\u0161\u00edm na prvot\u0159\u00eddn\u00edch produktech. K\u00e1va \u010cerstvou k\u00e1vu pro n\u00e1s pra\u017e\u00ed rodinn\u00e1 APE Pra\u017e\u00edrna a bal\u00edrna v K\u0159i\u017eanech v Podje\u0161t\u011bd\u00ed, jej\u00ed\u017e historie pra\u017een\u00ed za\u010dala ji\u017e v roce 1992. K\u00e1vu jsme m\u011bli mo\u017enost na m\u00edst\u011b &hellip; <a href=\"https:\/\/cafe2.dlask.cz\/?page_id=56\">Continue reading <span class=\"meta-nav\">&rarr;<\/span><\/a><\/p>\n","protected":false},"author":1,"featured_media":0,"parent":0,"menu_order":0,"comment_status":"closed","ping_status":"closed","template":"","meta":{"footnotes":""},"_links":{"self":[{"href":"https:\/\/cafe2.dlask.cz\/index.php?rest_route=\/wp\/v2\/pages\/56"}],"collection":[{"href":"https:\/\/cafe2.dlask.cz\/index.php?rest_route=\/wp\/v2\/pages"}],"about":[{"href":"https:\/\/cafe2.dlask.cz\/index.php?rest_route=\/wp\/v2\/types\/page"}],"author":[{"embeddable":true,"href":"https:\/\/cafe2.dlask.cz\/index.php?rest_route=\/wp\/v2\/users\/1"}],"replies":[{"embeddable":true,"href":"https:\/\/cafe2.dlask.cz\/index.php?rest_route=%2Fwp%2Fv2%2Fcomments&post=56"}],"version-history":[{"count":9,"href":"https:\/\/cafe2.dlask.cz\/index.php?rest_route=\/wp\/v2\/pages\/56\/revisions"}],"predecessor-version":[{"id":535,"href":"https:\/\/cafe2.dlask.cz\/index.php?rest_route=\/wp\/v2\/pages\/56\/revisions\/535"}],"wp:attachment":[{"href":"https:\/\/cafe2.dlask.cz\/index.php?rest_route=%2Fwp%2Fv2%2Fmedia&parent=56"}],"curies":[{"name":"wp","href":"https:\/\/api.w.org\/{rel}","templated":true}]}}