{"id":50,"date":"2010-08-08T15:49:30","date_gmt":"2010-08-08T15:49:30","guid":{"rendered":"http:\/\/cafe2.dlask.cz\/?page_id=50"},"modified":"2022-03-02T13:38:13","modified_gmt":"2022-03-02T13:38:13","slug":"zakazkove-dorty","status":"publish","type":"page","link":"https:\/\/cafe2.dlask.cz\/?page_id=50","title":{"rendered":"Zak\u00e1zkov\u00e9 dorty"},"content":{"rendered":"<p>R\u00e1di v\u00e1m vyrob\u00edme i cel\u00fd dort na zak\u00e1zku, je ale v\u017edy lep\u0161\u00ed se zastavit osobn\u011b, na d\u00e1lku je to dosti komplikovan\u00e9, nejsme zrovna internetov\u00fd obchod.<\/p>\n<p><a href=\"https:\/\/photos.app.goo.gl\/Lz7yi2H6ihVt9ZNC9\">Uk\u00e1zka na\u0161ich zak\u00e1zkov\u00fdch dort\u016f na Google Photos<\/a><\/p>\n\n\n<script src=\"https:\/\/cdn.jsdelivr.net\/npm\/publicalbum@latest\/embed-ui.min.js\" async><\/script>\n<div class=\"pa-gallery-player-widget\" style=\"width:100%; height:480px; display:none;\"\n  data-link=\"https:\/\/photos.google.com\/share\/AF1QipOwPCeUUUOxms7iKv8ZzOIzyYr3mKQfcH9hAbH0-IQUVP0THAS23sO3Qw6DH1Hqhg?key=bjd3RElLOHl1OTBYd05wMU41dHNQWUlUUjlFWnR3\"\n  data-title=\"Dorty zak\u00e1zkov\u00e9\"\n  data-description=\"15 new items added to shared album\">\n  <object data=\"https:\/\/lh3.googleusercontent.com\/_L4gOx8lsR3NCgrrHKFmnlyrGEaCCZNPyl4DdUdyxT3uvbxRvUTobrM1loI5fpOSDTZ_qJasQGx8dP-NUJi8prqzLmknf6yuUCRDnfiIPfzpoAtWOk6zo2WI_aFm_0VUqYxyPAeM0Nw=w1920-h1080\"><\/object>\n  <object data=\"https:\/\/lh3.googleusercontent.com\/c2B8Z2VdUfArOKJ1yYeBimdhQMURu6X1GnDQ1jAS8pZvnBNwvwmQqUOto5xXR6nU9njzd0HjxskwG9I-eAwJMXXFoLjBOzpR6UNEImgJ92Icgct4vpDX1B2LAuWFNoKNOjpuRA_5p1Q=w1920-h1080\"><\/object>\n  <object data=\"https:\/\/lh3.googleusercontent.com\/BCOko7dU4boBNxwiuvQk-N4eHDyhzYuoRWZbcKoxN1MSOeZ_TW-gjWNMsLvoDxLpW7F9uEQSxKb5GBjamPDXyhuluviFPM_VyS4ATFZ7hsaHnGUIx5W8Wj7OygT5zan8jyF-yo-4ygE=w1920-h1080\"><\/object>\n  <object data=\"https:\/\/lh3.googleusercontent.com\/Lgi0a9JZ-j1HX0XQnmwA8RcyAQBSt942_TPxgnqy2l1XqCjWdyIl9qBE4CaiDUjyLYmJzCqPYhMoHePiuFRlK6-8Hw0bMBDzjww8NR08M5JJGV_f8yBYWRPDq3RC9nhfJokCYHB48yI=w1920-h1080\"><\/object>\n  <object data=\"https:\/\/lh3.googleusercontent.com\/bMpLTNLP5QRwk2oqVxi0uTjTIHdgAfGjfU7GLJh8ZZshoRaVZFReDSlglw8h9yE_aISTWHh8H615Oti6kq6wf7Ptga4TpT8H_vUbmxuvt2hbp0XWGnBKUGNeKzxFEAC2jR9BRuIblzk=w1920-h1080\"><\/object>\n  <object data=\"https:\/\/lh3.googleusercontent.com\/ab5nnYj2-Frculo0aJ-uBrTCfv5fnFH0WDMbjXdAQooMWlyPJxAQTcfo8u2K97wzylMgHorkOorWABpG4dRO6unX-L1xTM9WlKj6465WpxK3YW4op6m4Xxh7yQ_iFhCeM0w-Ol5HYIo=w1920-h1080\"><\/object>\n  <object data=\"https:\/\/lh3.googleusercontent.com\/mNDZCN8eg9aCaCMrBIsSSTAMFnFIVO6-oiD_DfClxArffJGiD8cwafhlZCeM4G0Sqtxhalhjwb7X18IIhgHWRtQYCqoiW_PnTuPMquwfrtOhjBQVVPrgnruPSnqj-8bRfifqgY_ApEg=w1920-h1080\"><\/object>\n  <object data=\"https:\/\/lh3.googleusercontent.com\/clh7cgUHPFt93Gzv3OQ7cL2wiqr4F8LwchRcNJ2Io7CfKoN-iowlPpQTjaROHPXFOS3_8e6Ei6goZl1YtkA5tDSPc9EP0bGcmIDVf1ycIErMPR580dgFpPJEKbxtt4rv2wypnBAW_l0=w1920-h1080\"><\/object>\n  <object data=\"https:\/\/lh3.googleusercontent.com\/LQoewixWWkshzdcVUG3ZX1rE2WimXHt_Clv-b2pH9eIIdH8yrxP6anqNvSLgd_YpsrsXq2k0LuT-yXxkyUzi1qmw7Hp3egQHnAveq-AIUaKBxMQ_nVtDIL72AFfrMJZ8yUedHLwx-sA=w1920-h1080\"><\/object>\n  <object data=\"https:\/\/lh3.googleusercontent.com\/TQ1TgFOvWu1l7eSPh4xldLp1rFdWVbfhALsGZC4iD3cfDfO4VZCUcZ3X82dYeTUTgH2zN3uA1SvexziTkcR7LqZbSMso5Txig_-LjZYj_y2AX7gz4Bx_xv7IQTXiCECYCjXSFsvCkE0=w1920-h1080\"><\/object>\n  <object data=\"https:\/\/lh3.googleusercontent.com\/OWbH_IunHXrFGYk5f2SJt0pzmJCg8pMM2dqUUXp_3GIoXP-0wm5_gb7vtDkczni3uMrgb78sfF_MYEWbLiHPVacuEcCHz2trVejDaanT3Qo3sAUi_hC8o-x9w9NNoREkc5RCa9MAMFY=w1920-h1080\"><\/object>\n  <object data=\"https:\/\/lh3.googleusercontent.com\/nSA3URNwvVxkH2Cil7u1vAslmKP07Ovg_R113fhC4wmobY4PS7TQ4CxP44okZY2oV5s30gxEX2Rzq6FFKeSaVpv-ZwoNz4iNSxlhhgpnqD9tYI4c7TXqlTE0hVzF2NHmZoUj1rhWiLI=w1920-h1080\"><\/object>\n  <object data=\"https:\/\/lh3.googleusercontent.com\/rMV9i467ohGMV0iBAWg5wbzLh9JCaQ-PRkbcJODaV6Zq9lFPyHQmsp01I5Qy7CFUPRpJcwZY-ipFKx5BYONcnlsn7Z6MGarffrXGgl0FhtqmjgL6SfkTE_tG_6oq8mezpfTGf9_KsmY=w1920-h1080\"><\/object>\n  <object data=\"https:\/\/lh3.googleusercontent.com\/-9oYuDdxrhEOXEyZm-4CUnzGyoTjdQv8dJJBaA-QTum1cJ1bejkRmdeicnn6xU7qGoFYyc9-5So5GJzgSVV2wHBnzdkQG6PoekGlmqWzF--xuJw8z6iO91R04_mZ9rjo2D1MxzauE5E=w1920-h1080\"><\/object>\n  <object data=\"https:\/\/lh3.googleusercontent.com\/R6zb_p7LFzD5kjZTg-9xVNegVdg7aq-VCY99FsuwRVcwGb9Qx_hKAw_rMjIU2pWarl8BFL4wFKTUIeNf4iNuULaVdgq_vA3mWvgwNPplCf25pU9p16E4C4QmPJc-_ZqA1uI-5iNq-6A=w1920-h1080\"><\/object>\n<\/div>\n\n\n\n","protected":false},"excerpt":{"rendered":"<p>R\u00e1di v\u00e1m vyrob\u00edme i cel\u00fd dort na zak\u00e1zku, je ale v\u017edy lep\u0161\u00ed se zastavit osobn\u011b, na d\u00e1lku je to dosti komplikovan\u00e9, nejsme zrovna internetov\u00fd obchod. Uk\u00e1zka na\u0161ich zak\u00e1zkov\u00fdch dort\u016f na Google Photos<\/p>\n","protected":false},"author":1,"featured_media":0,"parent":0,"menu_order":0,"comment_status":"closed","ping_status":"closed","template":"","meta":{"footnotes":""},"_links":{"self":[{"href":"https:\/\/cafe2.dlask.cz\/index.php?rest_route=\/wp\/v2\/pages\/50"}],"collection":[{"href":"https:\/\/cafe2.dlask.cz\/index.php?rest_route=\/wp\/v2\/pages"}],"about":[{"href":"https:\/\/cafe2.dlask.cz\/index.php?rest_route=\/wp\/v2\/types\/page"}],"author":[{"embeddable":true,"href":"https:\/\/cafe2.dlask.cz\/index.php?rest_route=\/wp\/v2\/users\/1"}],"replies":[{"embeddable":true,"href":"https:\/\/cafe2.dlask.cz\/index.php?rest_route=%2Fwp%2Fv2%2Fcomments&post=50"}],"version-history":[{"count":12,"href":"https:\/\/cafe2.dlask.cz\/index.php?rest_route=\/wp\/v2\/pages\/50\/revisions"}],"predecessor-version":[{"id":540,"href":"https:\/\/cafe2.dlask.cz\/index.php?rest_route=\/wp\/v2\/pages\/50\/revisions\/540"}],"wp:attachment":[{"href":"https:\/\/cafe2.dlask.cz\/index.php?rest_route=%2Fwp%2Fv2%2Fmedia&parent=50"}],"curies":[{"name":"wp","href":"https:\/\/api.w.org\/{rel}","templated":true}]}}