{"id":19,"date":"2010-08-04T19:49:29","date_gmt":"2010-08-04T19:49:29","guid":{"rendered":"http:\/\/cafe2.dlask.cz\/?page_id=19"},"modified":"2022-03-05T10:17:08","modified_gmt":"2022-03-05T10:17:08","slug":"varnsdorf","status":"publish","type":"page","link":"https:\/\/cafe2.dlask.cz\/?page_id=19","title":{"rendered":"O Caf\u00e9 Dlask Varnsdorf"},"content":{"rendered":"\n<p>Caf\u00e9 Dlask, \u00fatuln\u00e1 cukr\u00e1rna a kav\u00e1rna ve Varnsdorfu. Nab\u00edz\u00edme v\u00fdte\u010dnou k\u00e1vu sm\u011bs z Peru a Braz\u00edlie, \u0161irok\u00fd v\u00fdb\u011br netradi\u010dn\u00edch dom\u00e1c\u00edch z\u00e1kusk\u016f a nejlep\u0161\u00ed zmrzlinu v okol\u00ed. Letos jsme na\u0161i nab\u00eddku roz\u0161\u00ed\u0159ili i o bezlepkov\u00e9 varianty z\u00e1kusk\u016f nap\u0159. v\u011btrn\u00edk, v\u011bne\u010dek, laskonky, cheesecaky, panna cotty, dort tety Alenky. Nab\u00edz\u00edme tak\u00e9 zak\u00e1zkovou v\u00fdrobu dort\u016f.<\/p>\n\n\n\n<p>Wifi zdarma pro z\u00e1kazn\u00edky.<\/p>\n\n\n\n<div class=\"wp-block-image\"><figure class=\"alignleft\"><a href=\"https:\/\/cafe2.dlask.cz\/wp-content\/uploads\/20200813_134827-Velky.jpg\"><img loading=\"lazy\" decoding=\"async\" width=\"1920\" height=\"1080\" src=\"https:\/\/cafe2.dlask.cz\/wp-content\/uploads\/20200813_134827-Velky.jpg\" alt=\"\" class=\"wp-image-518\" srcset=\"https:\/\/cafe2.dlask.cz\/wp-content\/uploads\/20200813_134827-Velky.jpg 1920w, https:\/\/cafe2.dlask.cz\/wp-content\/uploads\/20200813_134827-Velky-300x169.jpg 300w, https:\/\/cafe2.dlask.cz\/wp-content\/uploads\/20200813_134827-Velky-1024x576.jpg 1024w, https:\/\/cafe2.dlask.cz\/wp-content\/uploads\/20200813_134827-Velky-768x432.jpg 768w, https:\/\/cafe2.dlask.cz\/wp-content\/uploads\/20200813_134827-Velky-1536x864.jpg 1536w\" sizes=\"(max-width: 1920px) 100vw, 1920px\" \/><\/a><\/figure><\/div>\n\n\n\n<p>Na\u0161e kav\u00e1rna s posezen\u00edm<\/p>\n\n\n\n<div class=\"wp-block-image\"><figure class=\"alignleft\"><a href=\"https:\/\/cafe2.dlask.cz\/wp-content\/uploads\/20211013_090024-Velky.jpg\"><img loading=\"lazy\" decoding=\"async\" width=\"1920\" height=\"1080\" src=\"https:\/\/cafe2.dlask.cz\/wp-content\/uploads\/20211013_090024-Velky.jpg\" alt=\"\" class=\"wp-image-519\" srcset=\"https:\/\/cafe2.dlask.cz\/wp-content\/uploads\/20211013_090024-Velky.jpg 1920w, https:\/\/cafe2.dlask.cz\/wp-content\/uploads\/20211013_090024-Velky-300x169.jpg 300w, https:\/\/cafe2.dlask.cz\/wp-content\/uploads\/20211013_090024-Velky-1024x576.jpg 1024w, https:\/\/cafe2.dlask.cz\/wp-content\/uploads\/20211013_090024-Velky-768x432.jpg 768w, https:\/\/cafe2.dlask.cz\/wp-content\/uploads\/20211013_090024-Velky-1536x864.jpg 1536w\" sizes=\"(max-width: 1920px) 100vw, 1920px\" \/><\/a><\/figure><\/div>\n\n\n\n<div class=\"wp-block-image\"><figure class=\"alignleft size-large\"><img loading=\"lazy\" decoding=\"async\" width=\"1024\" height=\"576\" src=\"https:\/\/cafe2.dlask.cz\/wp-content\/uploads\/20210604_091118-Velky-1024x576.jpg\" alt=\"\" class=\"wp-image-528\" srcset=\"https:\/\/cafe2.dlask.cz\/wp-content\/uploads\/20210604_091118-Velky-1024x576.jpg 1024w, https:\/\/cafe2.dlask.cz\/wp-content\/uploads\/20210604_091118-Velky-300x169.jpg 300w, https:\/\/cafe2.dlask.cz\/wp-content\/uploads\/20210604_091118-Velky-768x432.jpg 768w, https:\/\/cafe2.dlask.cz\/wp-content\/uploads\/20210604_091118-Velky-1536x864.jpg 1536w, https:\/\/cafe2.dlask.cz\/wp-content\/uploads\/20210604_091118-Velky.jpg 1920w\" sizes=\"(max-width: 1024px) 100vw, 1024px\" \/><\/figure><\/div>\n\n\n\n<iframe src=\"https:\/\/www.google.com\/maps\/embed?pb=!1m14!1m12!1m3!1d628.9163755161553!2d14.623555485005205!3d50.91140515808893!2m3!1f0!2f0!3f0!3m2!1i1024!2i768!4f13.1!5e0!3m2!1sen!2scz!4v1646215344777!5m2!1sen!2scz\" width=\"600\" height=\"450\" style=\"border:0;\" allowfullscreen=\"\" loading=\"lazy\"><\/iframe>\n\n\n\n<figure class=\"wp-block-image size-full\"><a href=\"https:\/\/cafe2.dlask.cz\/wp-content\/uploads\/kolektiv-big.jpg\"><img loading=\"lazy\" decoding=\"async\" width=\"640\" height=\"480\" src=\"https:\/\/cafe2.dlask.cz\/wp-content\/uploads\/kolektiv-big.jpg\" alt=\"\" class=\"wp-image-545\" srcset=\"https:\/\/cafe2.dlask.cz\/wp-content\/uploads\/kolektiv-big.jpg 640w, https:\/\/cafe2.dlask.cz\/wp-content\/uploads\/kolektiv-big-300x225.jpg 300w\" sizes=\"(max-width: 640px) 100vw, 640px\" \/><\/a><figcaption>Takto jsme vypadali v roce 2005 \ud83d\ude42<\/figcaption><\/figure>\n","protected":false},"excerpt":{"rendered":"<p>Caf\u00e9 Dlask, \u00fatuln\u00e1 cukr\u00e1rna a kav\u00e1rna ve Varnsdorfu. Nab\u00edz\u00edme v\u00fdte\u010dnou k\u00e1vu sm\u011bs z Peru a Braz\u00edlie, \u0161irok\u00fd v\u00fdb\u011br netradi\u010dn\u00edch dom\u00e1c\u00edch z\u00e1kusk\u016f a nejlep\u0161\u00ed zmrzlinu v okol\u00ed. Letos jsme na\u0161i nab\u00eddku roz\u0161\u00ed\u0159ili i o bezlepkov\u00e9 varianty z\u00e1kusk\u016f nap\u0159. v\u011btrn\u00edk, v\u011bne\u010dek, laskonky, &hellip; <a href=\"https:\/\/cafe2.dlask.cz\/?page_id=19\">Continue reading <span class=\"meta-nav\">&rarr;<\/span><\/a><\/p>\n","protected":false},"author":1,"featured_media":0,"parent":0,"menu_order":0,"comment_status":"closed","ping_status":"open","template":"","meta":{"footnotes":""},"_links":{"self":[{"href":"https:\/\/cafe2.dlask.cz\/index.php?rest_route=\/wp\/v2\/pages\/19"}],"collection":[{"href":"https:\/\/cafe2.dlask.cz\/index.php?rest_route=\/wp\/v2\/pages"}],"about":[{"href":"https:\/\/cafe2.dlask.cz\/index.php?rest_route=\/wp\/v2\/types\/page"}],"author":[{"embeddable":true,"href":"https:\/\/cafe2.dlask.cz\/index.php?rest_route=\/wp\/v2\/users\/1"}],"replies":[{"embeddable":true,"href":"https:\/\/cafe2.dlask.cz\/index.php?rest_route=%2Fwp%2Fv2%2Fcomments&post=19"}],"version-history":[{"count":14,"href":"https:\/\/cafe2.dlask.cz\/index.php?rest_route=\/wp\/v2\/pages\/19\/revisions"}],"predecessor-version":[{"id":547,"href":"https:\/\/cafe2.dlask.cz\/index.php?rest_route=\/wp\/v2\/pages\/19\/revisions\/547"}],"wp:attachment":[{"href":"https:\/\/cafe2.dlask.cz\/index.php?rest_route=%2Fwp%2Fv2%2Fmedia&parent=19"}],"curies":[{"name":"wp","href":"https:\/\/api.w.org\/{rel}","templated":true}]}}