{"id":173,"date":"2014-06-08T15:22:06","date_gmt":"2014-06-08T15:22:06","guid":{"rendered":"http:\/\/cafe2.dlask.cz\/?page_id=173"},"modified":"2023-10-28T20:44:32","modified_gmt":"2023-10-28T20:44:32","slug":"ubytovani","status":"publish","type":"page","link":"https:\/\/cafe2.dlask.cz\/?page_id=173","title":{"rendered":"Ubytov\u00e1n\u00ed"},"content":{"rendered":"<p>Nab\u00edz\u00edme ke kr\u00e1tkodob\u00e9mu pron\u00e1jmu pln\u011b vybaven\u00fd apartm\u00e1n. Rozloha 55m2, 1+1, pokoj s man\u017eelskou postel\u00ed a televiz\u00ed, pln\u011b vybaven\u00e1 kuchy\u0148 s my\u010dkou, ledni\u010dkou a mikrovlnkou s j\u00eddeln\u00edm stolem a pohovkou. Koupelna se sprchov\u00fdm koutem, pra\u010dkou a su\u0161i\u010dkou. Maxim\u00e1ln\u00ed kapacita je 5 l\u016f\u017eek + d\u011btsk\u00e1 post\u00fdlka. Rezevace pros\u00edme port\u00e1lu booking.com, kde uvid\u00edte i aktu\u00e1ln\u00ed dostupnost a cenu.<br>\n<script async=\"\" src=\"https:\/\/badge.hotelstatic.com\/embed.js\" data-url=\"https:\/\/www.booking.com\/hotel\/cz\/cafe-dlask.html\" data-size=\"68\" data-position=\"inline\" data-clickable=\"true\"><\/script><br>\n<a href=\"https:\/\/www.booking.com\/hotel\/cz\/cafe-dlask.html\">https:\/\/www.booking.com\/hotel\/cz\/cafe-dlask<\/a><\/p>\n<p>P\u0159\u00edpadn\u011b p\u0159es AirBnB&nbsp;<a href=\"https:\/\/www.airbnb.com\/rooms\/3913045\">https:\/\/www.airbnb.com\/rooms\/3913045<\/a><\/p>\n<p style=\"padding-left: 40px;\"><\/p>\n\n\n<figure class=\"wp-block-image size-large\"><a href=\"https:\/\/cafe2.dlask.cz\/wp-content\/uploads\/20220118_104328-Velky-rotated.jpg\"><img loading=\"lazy\" decoding=\"async\" width=\"768\" height=\"1024\" src=\"https:\/\/cafe2.dlask.cz\/wp-content\/uploads\/20220118_104328-Velky-768x1024.jpg\" alt=\"\" class=\"wp-image-509\" srcset=\"https:\/\/cafe2.dlask.cz\/wp-content\/uploads\/20220118_104328-Velky-768x1024.jpg 768w, https:\/\/cafe2.dlask.cz\/wp-content\/uploads\/20220118_104328-Velky-225x300.jpg 225w, https:\/\/cafe2.dlask.cz\/wp-content\/uploads\/20220118_104328-Velky-rotated.jpg 1080w\" sizes=\"(max-width: 768px) 100vw, 768px\" \/><\/a><\/figure>\n\n\n\n<figure class=\"wp-block-image size-large\"><a href=\"https:\/\/cafe2.dlask.cz\/wp-content\/uploads\/20200627_095303-Velky.jpg\"><img loading=\"lazy\" decoding=\"async\" width=\"1024\" height=\"576\" src=\"https:\/\/cafe2.dlask.cz\/wp-content\/uploads\/20200627_095303-Velky-1024x576.jpg\" alt=\"\" class=\"wp-image-515\" srcset=\"https:\/\/cafe2.dlask.cz\/wp-content\/uploads\/20200627_095303-Velky-1024x576.jpg 1024w, https:\/\/cafe2.dlask.cz\/wp-content\/uploads\/20200627_095303-Velky-300x169.jpg 300w, https:\/\/cafe2.dlask.cz\/wp-content\/uploads\/20200627_095303-Velky-768x432.jpg 768w, https:\/\/cafe2.dlask.cz\/wp-content\/uploads\/20200627_095303-Velky-1536x864.jpg 1536w, https:\/\/cafe2.dlask.cz\/wp-content\/uploads\/20200627_095303-Velky.jpg 1920w\" sizes=\"(max-width: 1024px) 100vw, 1024px\" \/><\/a><\/figure>\n\n\n\n<figure class=\"wp-block-image size-large\"><a href=\"https:\/\/cafe2.dlask.cz\/wp-content\/uploads\/20220118_104242-Velky.jpg\"><img loading=\"lazy\" decoding=\"async\" width=\"1024\" height=\"768\" src=\"https:\/\/cafe2.dlask.cz\/wp-content\/uploads\/20220118_104242-Velky-1024x768.jpg\" alt=\"\" class=\"wp-image-507\" srcset=\"https:\/\/cafe2.dlask.cz\/wp-content\/uploads\/20220118_104242-Velky-1024x768.jpg 1024w, https:\/\/cafe2.dlask.cz\/wp-content\/uploads\/20220118_104242-Velky-300x225.jpg 300w, https:\/\/cafe2.dlask.cz\/wp-content\/uploads\/20220118_104242-Velky-768x576.jpg 768w, https:\/\/cafe2.dlask.cz\/wp-content\/uploads\/20220118_104242-Velky.jpg 1440w\" sizes=\"(max-width: 1024px) 100vw, 1024px\" \/><\/a><\/figure>\n\n\n\n<figure class=\"wp-block-image size-large\"><a href=\"https:\/\/cafe2.dlask.cz\/wp-content\/uploads\/20220118_104311-Velky-rotated.jpg\"><img loading=\"lazy\" decoding=\"async\" width=\"768\" height=\"1024\" src=\"https:\/\/cafe2.dlask.cz\/wp-content\/uploads\/20220118_104311-Velky-768x1024.jpg\" alt=\"\" class=\"wp-image-508\" srcset=\"https:\/\/cafe2.dlask.cz\/wp-content\/uploads\/20220118_104311-Velky-768x1024.jpg 768w, https:\/\/cafe2.dlask.cz\/wp-content\/uploads\/20220118_104311-Velky-225x300.jpg 225w, https:\/\/cafe2.dlask.cz\/wp-content\/uploads\/20220118_104311-Velky-rotated.jpg 1080w\" sizes=\"(max-width: 768px) 100vw, 768px\" \/><\/a><\/figure>\n\n\n\n<figure class=\"wp-block-image size-large\"><a href=\"https:\/\/cafe2.dlask.cz\/wp-content\/uploads\/20200627_095146-scaled.jpg\"><img loading=\"lazy\" decoding=\"async\" width=\"576\" height=\"1024\" src=\"https:\/\/cafe2.dlask.cz\/wp-content\/uploads\/20200627_095146-576x1024.jpg\" alt=\"\" class=\"wp-image-513\" srcset=\"https:\/\/cafe2.dlask.cz\/wp-content\/uploads\/20200627_095146-576x1024.jpg 576w, https:\/\/cafe2.dlask.cz\/wp-content\/uploads\/20200627_095146-169x300.jpg 169w, https:\/\/cafe2.dlask.cz\/wp-content\/uploads\/20200627_095146-768x1365.jpg 768w, https:\/\/cafe2.dlask.cz\/wp-content\/uploads\/20200627_095146-864x1536.jpg 864w, https:\/\/cafe2.dlask.cz\/wp-content\/uploads\/20200627_095146-1152x2048.jpg 1152w, https:\/\/cafe2.dlask.cz\/wp-content\/uploads\/20200627_095146-scaled.jpg 1440w\" sizes=\"(max-width: 576px) 100vw, 576px\" \/><\/a><\/figure>\n","protected":false},"excerpt":{"rendered":"<p>Nab\u00edz\u00edme ke kr\u00e1tkodob\u00e9mu pron\u00e1jmu pln\u011b vybaven\u00fd apartm\u00e1n. Rozloha 55m2, 1+1, pokoj s man\u017eelskou postel\u00ed a televiz\u00ed, pln\u011b vybaven\u00e1 kuchy\u0148 s my\u010dkou, ledni\u010dkou a mikrovlnkou s j\u00eddeln\u00edm stolem a pohovkou. Koupelna se sprchov\u00fdm koutem, pra\u010dkou a su\u0161i\u010dkou. Maxim\u00e1ln\u00ed kapacita je 5 &hellip; <a href=\"https:\/\/cafe2.dlask.cz\/?page_id=173\">Continue reading <span class=\"meta-nav\">&rarr;<\/span><\/a><\/p>\n","protected":false},"author":1,"featured_media":0,"parent":0,"menu_order":10,"comment_status":"closed","ping_status":"closed","template":"","meta":{"footnotes":""},"_links":{"self":[{"href":"https:\/\/cafe2.dlask.cz\/index.php?rest_route=\/wp\/v2\/pages\/173"}],"collection":[{"href":"https:\/\/cafe2.dlask.cz\/index.php?rest_route=\/wp\/v2\/pages"}],"about":[{"href":"https:\/\/cafe2.dlask.cz\/index.php?rest_route=\/wp\/v2\/types\/page"}],"author":[{"embeddable":true,"href":"https:\/\/cafe2.dlask.cz\/index.php?rest_route=\/wp\/v2\/users\/1"}],"replies":[{"embeddable":true,"href":"https:\/\/cafe2.dlask.cz\/index.php?rest_route=%2Fwp%2Fv2%2Fcomments&post=173"}],"version-history":[{"count":11,"href":"https:\/\/cafe2.dlask.cz\/index.php?rest_route=\/wp\/v2\/pages\/173\/revisions"}],"predecessor-version":[{"id":701,"href":"https:\/\/cafe2.dlask.cz\/index.php?rest_route=\/wp\/v2\/pages\/173\/revisions\/701"}],"wp:attachment":[{"href":"https:\/\/cafe2.dlask.cz\/index.php?rest_route=%2Fwp%2Fv2%2Fmedia&parent=173"}],"curies":[{"name":"wp","href":"https:\/\/api.w.org\/{rel}","templated":true}]}}