{"id":171,"date":"2014-06-07T10:21:38","date_gmt":"2014-06-07T10:21:38","guid":{"rendered":"http:\/\/cafe2.dlask.cz\/?page_id=171"},"modified":"2019-10-09T17:56:15","modified_gmt":"2019-10-09T17:56:15","slug":"certifikaty-a-oceneni","status":"publish","type":"page","link":"https:\/\/cafe2.dlask.cz\/?page_id=171","title":{"rendered":"Certifik\u00e1ty a ocen\u011bn\u00ed"},"content":{"rendered":"<p>2018 -2021 Platn\u00fd certifik\u00e1t \u010cSKS<\/p>\n<p><a href=\"https:\/\/cafe2.dlask.cz\/wp-content\/uploads\/WhatsApp-Image-2019-09-18-at-13.32.211-8.jpeg\"><img loading=\"lazy\" decoding=\"async\" class=\"alignleft wp-image-360\" src=\"https:\/\/cafe2.dlask.cz\/wp-content\/uploads\/WhatsApp-Image-2019-09-18-at-13.32.211-8.jpeg\" alt=\"\" width=\"624\" height=\"1111\" srcset=\"https:\/\/cafe2.dlask.cz\/wp-content\/uploads\/WhatsApp-Image-2019-09-18-at-13.32.211-8.jpeg 899w, https:\/\/cafe2.dlask.cz\/wp-content\/uploads\/WhatsApp-Image-2019-09-18-at-13.32.211-8-169x300.jpeg 169w, https:\/\/cafe2.dlask.cz\/wp-content\/uploads\/WhatsApp-Image-2019-09-18-at-13.32.211-8-768x1367.jpeg 768w, https:\/\/cafe2.dlask.cz\/wp-content\/uploads\/WhatsApp-Image-2019-09-18-at-13.32.211-8-575x1024.jpeg 575w\" sizes=\"(max-width: 624px) 100vw, 624px\" \/><\/a><\/p>\n<p>V roce 2010 jsme z\u00edskali certifik\u00e1t Region\u00e1ln\u00ed produkt \u010ceskosask\u00e9ho \u0160v\u00fdcarska za Dort Tety Alenky a Bo<img decoding=\"async\" class=\"alignleft size-full wp-image-169\" src=\"https:\/\/cafe2.dlask.cz\/wp-content\/uploads\/2014-05-28-09.28.02.jpg\" alt=\"2014-05-28 09.28.02\" \/>r\u016fvkov\u00fd \u0159ez<\/p>\n<p>&nbsp;<\/p>\n<p>&nbsp;<\/p>\n<p>&nbsp;<\/p>\n<p>&nbsp;<\/p>\n<p>&nbsp;<\/p>\n<p>V roce 2012 jsme s v\u011btrn\u00edkem vyhr\u00e1li sout\u011b\u017e Region\u00e1ln\u00ed potravina \u00dasteck\u00e9ho kraje<\/p>\n<p><a href=\"https:\/\/cafe2.dlask.cz\/wp-content\/uploads\/2014-05-28-09.27.51.jpg\"><img decoding=\"async\" class=\"alignleft size-full wp-image-168\" src=\"https:\/\/cafe2.dlask.cz\/wp-content\/uploads\/2014-05-28-09.27.51.jpg\" alt=\"2014-05-28 09.27.51\" \/><\/a>\u00a0V roce 2013 jsme vyhr\u00e1li krajsk\u00e9 kolo sout\u011b\u017ee Firma roku a v celost\u00e1tn\u00edm fin\u00e1le skon\u010dili na 4.-5. m\u00edst\u011b.<\/p>\n<p><a href=\"https:\/\/cafe2.dlask.cz\/wp-content\/uploads\/2014-05-28-09.28.13.jpg\"><img decoding=\"async\" class=\"alignleft size-full wp-image-170\" src=\"https:\/\/cafe2.dlask.cz\/wp-content\/uploads\/2014-05-28-09.28.13.jpg\" alt=\"2014-05-28 09.28.13\" \/><\/a><\/p>\n<p>&nbsp;<\/p>\n<p>&nbsp;<\/p>\n<p>|V roce 2014 jsme \u00fasp\u011b\u0161n\u011b pro\u0161li certifika\u010dn\u00edm procesem \u010desk\u00e9ho syst\u00e9mu kvality slu\u017eeb a obdr\u017eeli certifik\u00e1t kvality.<\/p>\n<p><a href=\"https:\/\/cafe2.dlask.cz\/wp-content\/uploads\/2014-05-28-09.27.421.jpg\"><img decoding=\"async\" class=\"alignleft size-full wp-image-165\" src=\"https:\/\/cafe2.dlask.cz\/wp-content\/uploads\/2014-05-28-09.27.421.jpg\" alt=\"Certifik\u00e1t \u010cSKS\" \/><\/a><\/p>\n","protected":false},"excerpt":{"rendered":"<p>2018 -2021 Platn\u00fd certifik\u00e1t \u010cSKS V roce 2010 jsme z\u00edskali certifik\u00e1t Region\u00e1ln\u00ed produkt \u010ceskosask\u00e9ho \u0160v\u00fdcarska za Dort Tety Alenky a Bor\u016fvkov\u00fd \u0159ez &nbsp; &nbsp; &nbsp; &nbsp; &nbsp; V roce 2012 jsme s v\u011btrn\u00edkem vyhr\u00e1li sout\u011b\u017e Region\u00e1ln\u00ed potravina \u00dasteck\u00e9ho kraje \u00a0V &hellip; <a href=\"https:\/\/cafe2.dlask.cz\/?page_id=171\">Continue reading <span class=\"meta-nav\">&rarr;<\/span><\/a><\/p>\n","protected":false},"author":1,"featured_media":0,"parent":0,"menu_order":0,"comment_status":"closed","ping_status":"closed","template":"","meta":{"footnotes":""},"_links":{"self":[{"href":"https:\/\/cafe2.dlask.cz\/index.php?rest_route=\/wp\/v2\/pages\/171"}],"collection":[{"href":"https:\/\/cafe2.dlask.cz\/index.php?rest_route=\/wp\/v2\/pages"}],"about":[{"href":"https:\/\/cafe2.dlask.cz\/index.php?rest_route=\/wp\/v2\/types\/page"}],"author":[{"embeddable":true,"href":"https:\/\/cafe2.dlask.cz\/index.php?rest_route=\/wp\/v2\/users\/1"}],"replies":[{"embeddable":true,"href":"https:\/\/cafe2.dlask.cz\/index.php?rest_route=%2Fwp%2Fv2%2Fcomments&post=171"}],"version-history":[{"count":7,"href":"https:\/\/cafe2.dlask.cz\/index.php?rest_route=\/wp\/v2\/pages\/171\/revisions"}],"predecessor-version":[{"id":364,"href":"https:\/\/cafe2.dlask.cz\/index.php?rest_route=\/wp\/v2\/pages\/171\/revisions\/364"}],"wp:attachment":[{"href":"https:\/\/cafe2.dlask.cz\/index.php?rest_route=%2Fwp%2Fv2%2Fmedia&parent=171"}],"curies":[{"name":"wp","href":"https:\/\/api.w.org\/{rel}","templated":true}]}}