{"id":14,"date":"2010-08-04T16:03:37","date_gmt":"2010-08-04T16:03:37","guid":{"rendered":"http:\/\/cafe2.dlask.cz\/?page_id=14"},"modified":"2022-07-23T19:06:51","modified_gmt":"2022-07-23T19:06:51","slug":"14-2","status":"publish","type":"page","link":"https:\/\/cafe2.dlask.cz\/?page_id=14","title":{"rendered":"Otev\u00edrac\u00ed doba"},"content":{"rendered":"\n<figure class=\"wp-block-table\"><table><tbody><tr><td>Pond\u011bl\u00ed<\/td><td>zav\u0159eno<\/td><\/tr><tr><td>\u00dater\u00fd<\/td><td>09:00 &#8211; 18:00<\/td><\/tr><tr><td>St\u0159eda<\/td><td>09:00 &#8211; 18:00<\/td><\/tr><tr><td>\u010ctvrtek<\/td><td>09:00 &#8211; 18:00<\/td><\/tr><tr><td>P\u00e1tek<\/td><td>09:00 &#8211; 18:00<\/td><\/tr><tr><td>Sobota<\/td><td>09:00 &#8211; 18:00<\/td><\/tr><tr><td>Ned\u011ble<\/td><td>10:00 &#8211; 18:00<\/td><\/tr><tr><td><\/td><td><\/td><\/tr><\/tbody><\/table><\/figure>\n\n\n\n<p><\/p>\n","protected":false},"excerpt":{"rendered":"<p>Pond\u011bl\u00ed zav\u0159eno \u00dater\u00fd 09:00 &#8211; 18:00 St\u0159eda 09:00 &#8211; 18:00 \u010ctvrtek 09:00 &#8211; 18:00 P\u00e1tek 09:00 &#8211; 18:00 Sobota 09:00 &#8211; 18:00 Ned\u011ble 10:00 &#8211; 18:00<\/p>\n","protected":false},"author":1,"featured_media":0,"parent":0,"menu_order":9,"comment_status":"closed","ping_status":"open","template":"","meta":{"footnotes":""},"_links":{"self":[{"href":"https:\/\/cafe2.dlask.cz\/index.php?rest_route=\/wp\/v2\/pages\/14"}],"collection":[{"href":"https:\/\/cafe2.dlask.cz\/index.php?rest_route=\/wp\/v2\/pages"}],"about":[{"href":"https:\/\/cafe2.dlask.cz\/index.php?rest_route=\/wp\/v2\/types\/page"}],"author":[{"embeddable":true,"href":"https:\/\/cafe2.dlask.cz\/index.php?rest_route=\/wp\/v2\/users\/1"}],"replies":[{"embeddable":true,"href":"https:\/\/cafe2.dlask.cz\/index.php?rest_route=%2Fwp%2Fv2%2Fcomments&post=14"}],"version-history":[{"count":10,"href":"https:\/\/cafe2.dlask.cz\/index.php?rest_route=\/wp\/v2\/pages\/14\/revisions"}],"predecessor-version":[{"id":580,"href":"https:\/\/cafe2.dlask.cz\/index.php?rest_route=\/wp\/v2\/pages\/14\/revisions\/580"}],"wp:attachment":[{"href":"https:\/\/cafe2.dlask.cz\/index.php?rest_route=%2Fwp%2Fv2%2Fmedia&parent=14"}],"curies":[{"name":"wp","href":"https:\/\/api.w.org\/{rel}","templated":true}]}}